{"id":1240,"date":"2023-11-02T10:26:43","date_gmt":"2023-11-02T09:26:43","guid":{"rendered":"https:\/\/export-trading.de\/?page_id=1240"},"modified":"2023-11-02T16:26:56","modified_gmt":"2023-11-02T15:26:56","slug":"home","status":"publish","type":"page","link":"https:\/\/export-trading.de\/en\/","title":{"rendered":"Home"},"content":{"rendered":"<div class=\"wpb-content-wrapper\"><div class=\"vc_row wpb_row vc_row-fluid\"><div class=\"wpb_column vc_column_container vc_col-sm-12\"><div class=\"vc_column-inner\"><div class=\"wpb_wrapper\"><div class=\"vc_empty_space\"   style=\"height: 60px\"><span class=\"vc_empty_space_inner\"><\/span><\/div><\/div><\/div><\/div><\/div><div data-vc-full-width=\"true\" data-vc-full-width-temp=\"true\" data-vc-full-width-init=\"false\" data-vc-stretch-content=\"true\" class=\"vc_row wpb_row vc_row-fluid vc_custom_1698917623731\"><div class=\"wpb_column vc_column_container vc_col-sm-12\"><div class=\"vc_column-inner\"><div class=\"wpb_wrapper\"><div class=\"wpb_gallery wpb_content_element vc_clearfix wpb_content_element\" ><div class=\"wpb_wrapper\"><div class=\"wpb_gallery_slides wpb_flexslider flexslider_fade flexslider\" data-interval=\"3\" data-flex_fx=\"fade\"><ul class=\"slides\"><li><img loading=\"lazy\" decoding=\"async\" width=\"1920\" height=\"850\" src=\"https:\/\/export-trading.de\/wp-content\/uploads\/2023\/11\/Slide-6.jpg\" class=\"attachment-full\" alt=\"Slide 6\" title=\"Slide-6\" srcset=\"https:\/\/export-trading.de\/wp-content\/uploads\/2023\/11\/Slide-6.jpg 1920w, https:\/\/export-trading.de\/wp-content\/uploads\/2023\/11\/Slide-6-300x133.jpg 300w, https:\/\/export-trading.de\/wp-content\/uploads\/2023\/11\/Slide-6-1024x453.jpg 1024w, https:\/\/export-trading.de\/wp-content\/uploads\/2023\/11\/Slide-6-768x340.jpg 768w, https:\/\/export-trading.de\/wp-content\/uploads\/2023\/11\/Slide-6-1536x680.jpg 1536w, https:\/\/export-trading.de\/wp-content\/uploads\/2023\/11\/Slide-6-18x8.jpg 18w\" sizes=\"auto, (max-width: 1920px) 100vw, 1920px\" \/><\/li><li><img loading=\"lazy\" decoding=\"async\" width=\"1920\" height=\"850\" src=\"https:\/\/export-trading.de\/wp-content\/uploads\/2023\/11\/Slide-5.jpg\" class=\"attachment-full\" alt=\"Slide 5\" title=\"Slide-5\" srcset=\"https:\/\/export-trading.de\/wp-content\/uploads\/2023\/11\/Slide-5.jpg 1920w, https:\/\/export-trading.de\/wp-content\/uploads\/2023\/11\/Slide-5-300x133.jpg 300w, https:\/\/export-trading.de\/wp-content\/uploads\/2023\/11\/Slide-5-1024x453.jpg 1024w, https:\/\/export-trading.de\/wp-content\/uploads\/2023\/11\/Slide-5-768x340.jpg 768w, https:\/\/export-trading.de\/wp-content\/uploads\/2023\/11\/Slide-5-1536x680.jpg 1536w, https:\/\/export-trading.de\/wp-content\/uploads\/2023\/11\/Slide-5-18x8.jpg 18w\" sizes=\"auto, (max-width: 1920px) 100vw, 1920px\" \/><\/li><li><img loading=\"lazy\" decoding=\"async\" width=\"1920\" height=\"850\" src=\"https:\/\/export-trading.de\/wp-content\/uploads\/2023\/11\/Slide-4.jpg\" class=\"attachment-full\" alt=\"Slide 4\" title=\"Slide-4\" srcset=\"https:\/\/export-trading.de\/wp-content\/uploads\/2023\/11\/Slide-4.jpg 1920w, https:\/\/export-trading.de\/wp-content\/uploads\/2023\/11\/Slide-4-300x133.jpg 300w, https:\/\/export-trading.de\/wp-content\/uploads\/2023\/11\/Slide-4-1024x453.jpg 1024w, https:\/\/export-trading.de\/wp-content\/uploads\/2023\/11\/Slide-4-768x340.jpg 768w, https:\/\/export-trading.de\/wp-content\/uploads\/2023\/11\/Slide-4-1536x680.jpg 1536w, https:\/\/export-trading.de\/wp-content\/uploads\/2023\/11\/Slide-4-18x8.jpg 18w\" sizes=\"auto, (max-width: 1920px) 100vw, 1920px\" \/><\/li><li><img loading=\"lazy\" decoding=\"async\" width=\"1920\" height=\"850\" src=\"https:\/\/export-trading.de\/wp-content\/uploads\/2023\/11\/Slide-3.jpg\" class=\"attachment-full\" alt=\"Slide 3\" title=\"Slide-3\" srcset=\"https:\/\/export-trading.de\/wp-content\/uploads\/2023\/11\/Slide-3.jpg 1920w, https:\/\/export-trading.de\/wp-content\/uploads\/2023\/11\/Slide-3-300x133.jpg 300w, https:\/\/export-trading.de\/wp-content\/uploads\/2023\/11\/Slide-3-1024x453.jpg 1024w, https:\/\/export-trading.de\/wp-content\/uploads\/2023\/11\/Slide-3-768x340.jpg 768w, https:\/\/export-trading.de\/wp-content\/uploads\/2023\/11\/Slide-3-1536x680.jpg 1536w, https:\/\/export-trading.de\/wp-content\/uploads\/2023\/11\/Slide-3-18x8.jpg 18w\" sizes=\"auto, (max-width: 1920px) 100vw, 1920px\" \/><\/li><li><img loading=\"lazy\" decoding=\"async\" width=\"1920\" height=\"850\" src=\"https:\/\/export-trading.de\/wp-content\/uploads\/2023\/11\/Slide-2.jpg\" class=\"attachment-full\" alt=\"Slide 2\" title=\"Slide-2\" srcset=\"https:\/\/export-trading.de\/wp-content\/uploads\/2023\/11\/Slide-2.jpg 1920w, https:\/\/export-trading.de\/wp-content\/uploads\/2023\/11\/Slide-2-300x133.jpg 300w, https:\/\/export-trading.de\/wp-content\/uploads\/2023\/11\/Slide-2-1024x453.jpg 1024w, https:\/\/export-trading.de\/wp-content\/uploads\/2023\/11\/Slide-2-768x340.jpg 768w, https:\/\/export-trading.de\/wp-content\/uploads\/2023\/11\/Slide-2-1536x680.jpg 1536w, https:\/\/export-trading.de\/wp-content\/uploads\/2023\/11\/Slide-2-18x8.jpg 18w\" sizes=\"auto, (max-width: 1920px) 100vw, 1920px\" \/><\/li><li><img loading=\"lazy\" decoding=\"async\" width=\"1920\" height=\"850\" src=\"https:\/\/export-trading.de\/wp-content\/uploads\/2023\/11\/Slide-1.jpg\" class=\"attachment-full\" alt=\"Slide 1\" title=\"Slide-1\" srcset=\"https:\/\/export-trading.de\/wp-content\/uploads\/2023\/11\/Slide-1.jpg 1920w, https:\/\/export-trading.de\/wp-content\/uploads\/2023\/11\/Slide-1-300x133.jpg 300w, https:\/\/export-trading.de\/wp-content\/uploads\/2023\/11\/Slide-1-1024x453.jpg 1024w, https:\/\/export-trading.de\/wp-content\/uploads\/2023\/11\/Slide-1-768x340.jpg 768w, https:\/\/export-trading.de\/wp-content\/uploads\/2023\/11\/Slide-1-1536x680.jpg 1536w, https:\/\/export-trading.de\/wp-content\/uploads\/2023\/11\/Slide-1-18x8.jpg 18w\" sizes=\"auto, (max-width: 1920px) 100vw, 1920px\" \/><\/li><\/ul><\/div><\/div><\/div><\/div><\/div><\/div><\/div><div class=\"vc_row-full-width vc_clearfix\"><\/div><div class=\"vc_row wpb_row vc_row-fluid\"><div class=\"wpb_column vc_column_container vc_col-sm-12\"><div class=\"vc_column-inner\"><div class=\"wpb_wrapper\"><div class=\"vc_empty_space\"   style=\"height: 60px\"><span class=\"vc_empty_space_inner\"><\/span><\/div><\/div><\/div><\/div><\/div><div class=\"vc_row wpb_row vc_row-fluid\"><div class=\"wpb_column vc_column_container vc_col-sm-12\"><div class=\"vc_column-inner\"><div class=\"wpb_wrapper\"><\/div><\/div><\/div><\/div><div data-vc-full-width=\"true\" data-vc-full-width-temp=\"true\" data-vc-full-width-init=\"false\" data-vc-stretch-content=\"true\" class=\"vc_row wpb_row vc_row-fluid vc_row-no-padding\"><div class=\"wpb_column vc_column_container vc_col-sm-12\"><div class=\"vc_column-inner\"><div class=\"wpb_wrapper\"><div class=\"columns_wrap sc_columns columns_nofluid no_margins sc_columns_count_2\" data-equal-height=\".sc_column_item\"><div class=\"column-1_2 sc_column_item sc_column_item_1 odd first\" data-animation=\"animated fadeInLeft normal\"><div class=\"sc_section section_style_promo_section\"><div class=\"sc_section_inner\"><div class=\"sc_section_overlay\" style=\"\"><div class=\"sc_section_content padding_on\" style=\"\"><h3 class=\"sc_section_title sc_item_title sc_item_title_without_descr\">EXPORT-TRADING<\/h3><div class=\"sc_section_descr sc_item_descr\"><strong>Decades of experience with used construction machinery.<\/strong><\/p>\n<ul>\n<li>Consultation<\/li>\n<li>Sales<\/li>\n<li>Support and Service<\/li>\n<\/ul>\n<p><\/div><div class=\"sc_section_content_wrap\"><\/div><div class=\"sc_section_button sc_item_button\"><a href=\"\/en\/ueber-uns\/\" class=\"sc_button sc_button_square sc_button_style_filled sc_button_size_large\">Read more<\/a><\/div><\/div><\/div><\/div><\/div><\/div><div class=\"column-1_2 sc_column_item sc_column_item_2 even\" data-animation=\"animated fadeInUp normal\"><div class=\"sc_section section_style_promo_section\"><div class=\"sc_section_inner\"><div class=\"sc_section_overlay\" style=\"\"><div class=\"sc_section_content padding_on\" style=\"\"><h3 class=\"sc_section_title sc_item_title sc_item_title_without_descr\">Offers<\/h3><div class=\"sc_section_descr sc_item_descr\"><strong>We offer good machines at fair conditions.<\/strong><\/p>\n<ul>\n<li>Building construction<\/li>\n<li>Civil engineering<\/li>\n<li>Road construction<\/li>\n<\/ul>\n<p><\/div><div class=\"sc_section_content_wrap\"><\/div><div class=\"sc_section_button sc_item_button\"><a href=\"\/en\/baumaschinen-angebot\/\" class=\"sc_button sc_button_square sc_button_style_filled sc_button_size_large\">Construction machinery offer<\/a><\/div><\/div><\/div><\/div><\/div><\/div><\/div><\/div><\/div><\/div><\/div><div class=\"vc_row-full-width vc_clearfix\"><\/div><div class=\"vc_row wpb_row vc_row-fluid\"><div class=\"wpb_column vc_column_container vc_col-sm-12\"><div class=\"vc_column-inner\"><div class=\"wpb_wrapper\"><div class=\"vc_empty_space\"   style=\"height: 60px\"><span class=\"vc_empty_space_inner\"><\/span><\/div><\/div><\/div><\/div><\/div><div data-vc-full-width=\"true\" data-vc-full-width-temp=\"true\" data-vc-full-width-init=\"false\" class=\"vc_row wpb_row vc_row-fluid vc_custom_1473769871896 vc_row-has-fill\"><div class=\"wpb_column vc_column_container vc_col-sm-12\"><div class=\"vc_column-inner\"><div class=\"wpb_wrapper\"><div class=\"sc_section margin_top_large margin_bottom_huge\" data-animation=\"animated fadeInUp normal\" style=\"max-width: 1030px; margin: auto;\"><div class=\"sc_section_inner\"><h3 class=\"sc_section_title sc_item_title sc_item_title_without_descr translation-block\">Buying used machines is<br>a question of trust!<\/h3><div class=\"sc_section_content_wrap\">\n\t<div class=\"wpb_text_column wpb_content_element\" >\n\t\t<div class=\"wpb_wrapper\">\n\t\t\t<p>Our company specializes in trading used construction machinery worldwide. We offer a wide range of machines including excavators, wheel loaders, cranes, concrete mixers, concrete pumps and everything for civil engineering and road construction.<\/p>\n<p>Our goal is to offer our customers good used construction equipment that meets their requirements. We work with renowned manufacturers and companies. Our worldwide network enables us to deliver machines to almost all countries and to organize logistics efficiently.<\/p>\n<p>If you are looking for used construction machinery, please feel free to contact us. We are at your disposal to help you choose the right machine. Serious and trustworthy processing is given.<\/p>\n\n\t\t<\/div>\n\t<\/div>\n<\/div><\/div><\/div><\/div><\/div><\/div><\/div><div class=\"vc_row-full-width vc_clearfix\"><\/div><div class=\"vc_row wpb_row vc_row-fluid\"><div class=\"wpb_column vc_column_container vc_col-sm-12\"><div class=\"vc_column-inner\"><div class=\"wpb_wrapper\"><\/div><\/div><\/div><\/div>\n<\/div>","protected":false},"excerpt":{"rendered":"EXPORT-TRADINGJahrzehnte Erfahrung mit gebrauchten Baumaschinen. Beratung Verkauf Support und Service Mehr erfahrenAngeboteWir bieten gute Maschinen zu fairen Konditionen. Hochbau Tiefbau Stra\u00dfenbau Baumaschinen AngebotGebrauchtmaschinenkauf ist eine Frage des Vertrauens! Unser Unternehmen ist spezialisiert auf den Handel mit gebrauchten Baumaschinen weltweit. Wir bieten eine breite Palette von Maschinen, darunter Bagger, Radlader, Krane, Betonmischer, Betonpumpen und alles f\u00fcr [...]","protected":false},"author":1,"featured_media":0,"parent":0,"menu_order":0,"comment_status":"closed","ping_status":"closed","template":"","meta":{"ngg_post_thumbnail":0,"slim_seo":{"title":"Export-Trading | Gebrauchte Baumaschinen Ankauf Verkauf | Duckek","description":"An- und Verkauf von Baumaschinen f\u00fcr Hochbau, Tiefbau und Stra\u00dfenbau. Wir bieten eine breite Palette von Maschinen, darunter Bagger, Radlader, Kr\u00e4ne, Betonmischer und vieles mehr."},"footnotes":""},"class_list":["post-1240","page","type-page","status-publish","hentry"],"_links":{"self":[{"href":"https:\/\/export-trading.de\/en\/wp-json\/wp\/v2\/pages\/1240","targetHints":{"allow":["GET"]}}],"collection":[{"href":"https:\/\/export-trading.de\/en\/wp-json\/wp\/v2\/pages"}],"about":[{"href":"https:\/\/export-trading.de\/en\/wp-json\/wp\/v2\/types\/page"}],"author":[{"embeddable":true,"href":"https:\/\/export-trading.de\/en\/wp-json\/wp\/v2\/users\/1"}],"replies":[{"embeddable":true,"href":"https:\/\/export-trading.de\/en\/wp-json\/wp\/v2\/comments?post=1240"}],"version-history":[{"count":10,"href":"https:\/\/export-trading.de\/en\/wp-json\/wp\/v2\/pages\/1240\/revisions"}],"predecessor-version":[{"id":1285,"href":"https:\/\/export-trading.de\/en\/wp-json\/wp\/v2\/pages\/1240\/revisions\/1285"}],"wp:attachment":[{"href":"https:\/\/export-trading.de\/en\/wp-json\/wp\/v2\/media?parent=1240"}],"curies":[{"name":"wp","href":"https:\/\/api.w.org\/{rel}","templated":true}]}}