{"id":315,"date":"2023-09-13T12:56:06","date_gmt":"2023-09-13T10:56:06","guid":{"rendered":"https:\/\/export-trading.de\/?page_id=315"},"modified":"2023-11-02T09:57:10","modified_gmt":"2023-11-02T08:57:10","slug":"ueber-uns","status":"publish","type":"page","link":"https:\/\/export-trading.de\/en\/ueber-uns\/","title":{"rendered":"About us"},"content":{"rendered":"<div class=\"wpb-content-wrapper\"><div data-vc-full-width=\"true\" data-vc-full-width-temp=\"true\" data-vc-full-width-init=\"false\" class=\"vc_row wpb_row vc_row-fluid vc_custom_1473769871896 vc_row-has-fill\"><div class=\"wpb_column vc_column_container vc_col-sm-12\"><div class=\"vc_column-inner\"><div class=\"wpb_wrapper\"><div class=\"sc_section margin_top_large margin_bottom_huge\" data-animation=\"animated fadeInUp normal\" style=\"max-width: 1030px; margin: auto;\"><div class=\"sc_section_inner\"><h6 class=\"sc_section_subtitle sc_item_subtitle\">About us<\/h6><h3 class=\"sc_section_title sc_item_title sc_item_title_without_descr\">Decades of experience<\/h3><div class=\"sc_section_content_wrap\"><div class=\"columns_wrap sc_columns columns_nofluid sc_columns_count_2\"><div class=\"column-1_2 sc_column_item sc_column_item_1 odd first\">\n\t<div class=\"wpb_text_column wpb_content_element vc_custom_1697875517960\" >\n\t\t<div class=\"wpb_wrapper\">\n\t\t\t<p><strong>Gerhard Duckek, Managing Director of Export-Trading, is your reliable contact when purchasing used construction machinery.<\/strong><\/p>\n<p>His detailed specialist knowledge of machines for building, civil engineering and road construction, serious processing and good quality are highly valued by our customers at home and abroad.<\/p>\n\n\t\t<\/div>\n\t<\/div>\n<div class=\"vc_empty_space\"   style=\"height: 32px\"><span class=\"vc_empty_space_inner\"><\/span><\/div>\n\t<div class=\"wpb_text_column wpb_content_element vc_custom_1697876722422\" >\n\t\t<div class=\"wpb_wrapper\">\n\t\t\t<p>Best connections to construction companies and well-known manufacturers such as<strong><br \/>\n<\/strong><\/p>\n<ul>\n<li>LIEBHERR<\/li>\n<li>PUTZMEISTER<\/li>\n<li>CATERPILLAR<\/li>\n<li>VOEGELE<\/li>\n<li>und vielen mehr<\/li>\n<\/ul>\n<p>make it possible to acquire attractive machines and sell them to its partners and customers.<\/p>\n\n\t\t<\/div>\n\t<\/div>\n<\/div><div class=\"column-1_2 sc_column_item sc_column_item_2 even\"><figure class=\"sc_image  sc_image_shape_square\"><img decoding=\"async\" src=\"https:\/\/export-trading.de\/wp-content\/uploads\/2023\/11\/duckeks-1.jpg\" alt=\"duckeks-1\" \/><\/figure><div class=\"vc_empty_space\"   style=\"height: 10px\"><span class=\"vc_empty_space_inner\"><\/span><\/div>\n\t<div class=\"wpb_text_column wpb_content_element\" >\n\t\t<div class=\"wpb_wrapper\">\n\t\t\t<p style=\"text-align: center;\"><em><strong>You can count on our experience!<\/strong><\/em><\/p>\n\n\t\t<\/div>\n\t<\/div>\n<\/div><\/div><\/div><\/div><\/div><\/div><\/div><\/div><\/div><div class=\"vc_row-full-width vc_clearfix\"><\/div><div class=\"vc_row wpb_row vc_row-fluid\"><div class=\"wpb_column vc_column_container vc_col-sm-12\"><div class=\"vc_column-inner\"><div class=\"wpb_wrapper\"><\/div><\/div><\/div><\/div><div class=\"vc_row wpb_row vc_row-fluid\"><\/div><div class=\"vc_row wpb_row vc_row-fluid\"><div class=\"wpb_column vc_column_container vc_col-sm-12\"><div class=\"vc_column-inner vc_custom_1474028363130\"><div class=\"wpb_wrapper\"><div class=\"sc_section sc_section_block margin_top_huge\" data-animation=\"animated fadeInUp normal\"><div class=\"sc_section_inner\"><div class=\"sc_section_content_wrap\"><div class=\"columns_wrap sc_columns columns_nofluid sc_columns_count_2\"><div class=\"column-1_2 sc_column_item sc_column_item_1 odd first\"><div data-href=\"\/en\/baumaschinen-angebot\/\" class=\"sc_intro\" style=\"background-color: #8b1b10;\"><div class=\"sc_intro_inner  sc_intro_style_4\"><div class=\"sc_intro_content\"><h2 class=\"sc_intro_title\">Used<br \/>\nmachinery<\/h2><div class=\"sc_intro_descr\">We are familiar with used construction machinery.<\/div><\/div><\/div><\/div><div class=\"vc_empty_space\"   style=\"height: 32px\"><span class=\"vc_empty_space_inner\"><\/span><\/div><div data-href=\"\/en\/ueber-uns\/\" class=\"sc_intro\" style=\"background-color: #8b1b10;\"><div class=\"sc_intro_inner  sc_intro_style_4\"><div class=\"sc_intro_content\"><h2 class=\"sc_intro_title\">Problem-<br \/>\nSolutions<\/h2><div class=\"sc_intro_descr\">We solve your problem. Advise and deliver worldwide.<\/div><\/div><\/div><\/div><\/div><div class=\"column-1_2 sc_column_item sc_column_item_2 even\"><div data-href=\"\/en\/baumaschinen-angebot\/\" class=\"sc_intro\" style=\"background-color: #8b1b10;\"><div class=\"sc_intro_inner  sc_intro_style_4\"><div class=\"sc_intro_content\"><h2 class=\"sc_intro_title\">Our<br \/>\nOffer<\/h2><div class=\"sc_intro_descr\">You will find your construction machine with us. Or we can find them for you.<\/div><\/div><\/div><\/div><div class=\"vc_empty_space\"   style=\"height: 32px\"><span class=\"vc_empty_space_inner\"><\/span><\/div><div data-href=\"\/en\/kontakt\/\" class=\"sc_intro\" style=\"background-color: #8b1b10;\"><div class=\"sc_intro_inner  sc_intro_style_4\"><div class=\"sc_intro_content\"><h2 class=\"sc_intro_title\">Customer-<br \/>\nservice<\/h2><div class=\"sc_intro_descr\">Enjoy our comprehensive customer service.<\/div><\/div><\/div><\/div><\/div><\/div><\/div><\/div><\/div><\/div><\/div><\/div><\/div><div class=\"vc_row wpb_row vc_row-fluid\"><div class=\"wpb_column vc_column_container vc_col-sm-12\"><div class=\"vc_column-inner\"><div class=\"wpb_wrapper\"><div class=\"vc_empty_space\"   style=\"height: 32px\"><span class=\"vc_empty_space_inner\"><\/span><\/div><\/div><\/div><\/div><\/div><div class=\"vc_row wpb_row vc_row-fluid\"><div class=\"wpb_column vc_column_container vc_col-sm-12\"><div class=\"vc_column-inner\"><div class=\"wpb_wrapper\"><\/div><\/div><\/div><\/div><div class=\"vc_row wpb_row vc_row-fluid\"><div class=\"wpb_column vc_column_container vc_col-sm-12\"><div class=\"vc_column-inner\"><div class=\"wpb_wrapper\"><div class=\"vc_empty_space\"   style=\"height: 96px\"><span class=\"vc_empty_space_inner\"><\/span><\/div><\/div><\/div><\/div><\/div><div class=\"vc_row wpb_row vc_row-fluid\"><div class=\"wpb_column vc_column_container vc_col-sm-12\"><div class=\"vc_column-inner\"><div class=\"wpb_wrapper\"><\/div><\/div><\/div><\/div><div data-vc-full-width=\"true\" data-vc-full-width-temp=\"true\" data-vc-full-width-init=\"false\" class=\"vc_row wpb_row vc_row-fluid vc_custom_1473769871896 vc_row-has-fill\"><div class=\"wpb_column vc_column_container vc_col-sm-12\"><div class=\"vc_column-inner\"><div class=\"wpb_wrapper\"><div class=\"sc_section margin_top_large margin_bottom_huge\" data-animation=\"animated fadeInUp normal\" style=\"max-width: 1030px; margin: auto;\"><div class=\"sc_section_inner\"><h3 class=\"sc_section_title sc_item_title sc_item_title_without_descr\">Buying used machines is a question of trust!<\/h3><div class=\"sc_section_content_wrap\"><\/div><\/div><\/div><\/div><\/div><\/div><\/div><div class=\"vc_row-full-width vc_clearfix\"><\/div><div class=\"vc_row wpb_row vc_row-fluid\"><div class=\"wpb_column vc_column_container vc_col-sm-12\"><div class=\"vc_column-inner\"><div class=\"wpb_wrapper\"><\/div><\/div><\/div><\/div>\n<\/div>","protected":false},"excerpt":{"rendered":"\u00dcber unsJahrzehntelange Erfahrung Gerhard Duckek, Gesch\u00e4ftsf\u00fchrer von Export-Trading, ist Ihr zuverl\u00e4ssiger Ansprechpartner beim Kauf von gebrauchten Baumaschinen. Seine detaillierten Fachkenntnisse zu Maschinen f\u00fcr den Hoch-, Tief- und Stra\u00dfenbau, seri\u00f6se Abwicklung und gute Qualit\u00e4t, werden von unseren Kunden im In- und Ausland sehr gesch\u00e4tzt. Beste Verbindungen zu Bauunternehmen und namhaften Herstellern wie LIEBHERR PUTZMEISTER CATERPILLAR VOEGELE [...]","protected":false},"author":1,"featured_media":0,"parent":0,"menu_order":0,"comment_status":"closed","ping_status":"closed","template":"","meta":{"ngg_post_thumbnail":0,"slim_seo":{"title":"\u00dcber uns - Export-Trading","description":""},"footnotes":""},"class_list":["post-315","page","type-page","status-publish","hentry"],"_links":{"self":[{"href":"https:\/\/export-trading.de\/en\/wp-json\/wp\/v2\/pages\/315","targetHints":{"allow":["GET"]}}],"collection":[{"href":"https:\/\/export-trading.de\/en\/wp-json\/wp\/v2\/pages"}],"about":[{"href":"https:\/\/export-trading.de\/en\/wp-json\/wp\/v2\/types\/page"}],"author":[{"embeddable":true,"href":"https:\/\/export-trading.de\/en\/wp-json\/wp\/v2\/users\/1"}],"replies":[{"embeddable":true,"href":"https:\/\/export-trading.de\/en\/wp-json\/wp\/v2\/comments?post=315"}],"version-history":[{"count":11,"href":"https:\/\/export-trading.de\/en\/wp-json\/wp\/v2\/pages\/315\/revisions"}],"predecessor-version":[{"id":1239,"href":"https:\/\/export-trading.de\/en\/wp-json\/wp\/v2\/pages\/315\/revisions\/1239"}],"wp:attachment":[{"href":"https:\/\/export-trading.de\/en\/wp-json\/wp\/v2\/media?parent=315"}],"curies":[{"name":"wp","href":"https:\/\/api.w.org\/{rel}","templated":true}]}}